{"id":2626,"date":"2022-03-23T11:19:10","date_gmt":"2022-03-23T10:19:10","guid":{"rendered":"https:\/\/hotelimlus.de\/impressum\/"},"modified":"2025-06-24T13:23:38","modified_gmt":"2025-06-24T11:23:38","slug":"impressum","status":"publish","type":"page","link":"https:\/\/hotelimlus.de\/en\/impressum\/","title":{"rendered":"Impressum"},"content":{"rendered":"<div class=\"wpb-content-wrapper\"><p>[vc_row][vc_column][vc_column_text css=&#8221;&#8221;]<\/p>\n<h3><strong>Hotel im Lus<\/strong><\/h3>\n<p>Betreiber &#8220;Hotel im Lus&#8221;:<\/p>\n<p>HIL Business GmbH<br \/>\nHohe-Flum-Str. 55<br \/>\nD-79650 Schopfheim<br \/>\nTel.: +49 7622 \/ 67500<br \/>\n<a href=\"mailto:info@hotel-im-lus.de\">info@hotel-im-lus.de<\/a><br \/>\nUSt.IdNr.: DE 344402819<br \/>\nHandelsregister: HRB 724696<br \/>\nGesch\u00e4ftsf\u00fchrer: Pierre Gentner<\/p>\n<h3><strong>Restaurant im Lus<\/strong><\/h3>\n<p>Betreiber &#8220;Restaurant im Lus&#8221;:<\/p>\n<p>Melanie Suleiman, Hohe-Flum-Str. 55, 79650 Schopfheim, Tel.: 07622\/9031519, restaurant@im-lus.de<\/p>\n<h3><strong>Copyright<\/strong><\/h3>\n<p>Unsere Internetseiten sollen Sie m\u00f6glichst umfassend \u00fcber unser Angebot informieren. Hierf\u00fcr k\u00f6nnen Sie vielseitige Informationen in Form von Texten, Bildern, Filmen, u.s.w. finden. Diese Inhalte d\u00fcrfen nicht ohne vorherige schriftliche Genehmigung in irgendeiner Weise durch andere verwendet werden. Dies schlie\u00dft die Verwendung in Printmedien und im Internet ausdr\u00fccklich ein. F\u00fcr alle Seiten und Seiteninhalte ist die HIL Business GmbH verantwortlich und hat das alleinige Nutzungsrecht.<\/p>\n<p>&nbsp;<\/p>\n<h3><strong>Haftung f\u00fcr Inhalte<\/strong><\/h3>\n<p>Wir bem\u00fchen uns, alle zur Verf\u00fcgung gestellten Informationen korrekt und nach neustem Informationsstand einzustellen. Eine Gew\u00e4hr f\u00fcr die Richtigkeit kann aber hierf\u00fcr nicht \u00fcbernommen werden. Alle Informationen auf diesem Server erfolgen ohne Gew\u00e4hr.<\/p>\n<p>Als Diensteanbieter sind wir gem\u00e4\u00df \u00a7 7 Abs.1 TMG f\u00fcr eigene Inhalte auf diesen Seiten nach den allgemeinen Gesetzen verantwortlich. Nach \u00a7\u00a7 8 bis 10 TMG sind wir als Diensteanbieter jedoch nicht verpflichtet, \u00fcbermittelte oder gespeicherte fremde Informationen zu \u00fcberwachen oder nach Umst\u00e4nden zu forschen, die auf eine rechtswidrige T\u00e4tigkeit hinweisen.<\/p>\n<p>Verpflichtungen zur Entfernung oder Sperrung der Nutzung von Informationen nach den allgemeinen Gesetzen bleiben hiervon unber\u00fchrt. Eine diesbez\u00fcgliche Haftung ist jedoch erst ab dem Zeitpunkt der Kenntnis einer konkreten Rechtsverletzung m\u00f6glich. Bei Bekanntwerden von entsprechenden Rechtsverletzungen werden wir diese Inhalte umgehend entfernen.<\/p>\n<p>&nbsp;<\/p>\n<h3><strong>Haftung f\u00fcr Links<\/strong><\/h3>\n<p>Unser Angebot enth\u00e4lt Links zu externen Websites Dritter, auf deren Inhalte wir keinen Einfluss haben. Deshalb k\u00f6nnen wir f\u00fcr diese fremden Inhalte auch keine Gew\u00e4hr \u00fcbernehmen. F\u00fcr die Inhalte der verlinkten Seiten ist stets der jeweilige Anbieter oder Betreiber der Seiten verantwortlich. Die verlinkten Seiten wurden zum Zeitpunkt der Verlinkung auf m\u00f6gliche Rechtsverst\u00f6\u00dfe \u00fcberpr\u00fcft. Rechtswidrige Inhalte waren zum Zeitpunkt der Verlinkung nicht erkennbar.<\/p>\n<p>Eine permanente inhaltliche Kontrolle der verlinkten Seiten ist jedoch ohne konkrete Anhaltspunkte einer Rechtsverletzung nicht zumutbar. Bei Bekanntwerden von Rechtsverletzungen werden wir derartige Links umgehend entfernen.[\/vc_column_text][\/vc_column][\/vc_row]<\/p>\n<\/div>","protected":false},"excerpt":{"rendered":"<p>[vc_row][vc_column][vc_column_text css=&#8221;&#8221;] Hotel im Lus Betreiber &#8220;Hotel im Lus&#8221;: HIL Business GmbH Hohe-Flum-Str. 55 D-79650 Schopfheim Tel.: +49 7622 \/&#8230;<\/p>\n","protected":false},"author":1,"featured_media":0,"parent":0,"menu_order":0,"comment_status":"closed","ping_status":"closed","template":"","meta":{"footnotes":""},"class_list":["post-2626","page","type-page","status-publish"],"yoast_head":"<!-- This site is optimized with the Yoast SEO plugin v26.7 - https:\/\/yoast.com\/wordpress\/plugins\/seo\/ -->\n<title>Impressum - Hotel im Lus<\/title>\n<meta name=\"description\" content=\"Der Betreiber des Hotel im Lus in Schopfheim ist die HIL Business GmbH. Hohe-Flum-Str. 55, 79650 Schopfheim.\" \/>\n<meta name=\"robots\" content=\"index, follow, max-snippet:-1, max-image-preview:large, max-video-preview:-1\" \/>\n<link rel=\"canonical\" href=\"https:\/\/hotelimlus.de\/en\/impressum\/\" \/>\n<meta property=\"og:locale\" content=\"en_US\" \/>\n<meta property=\"og:type\" content=\"article\" \/>\n<meta property=\"og:title\" content=\"Impressum - Hotel im Lus\" \/>\n<meta property=\"og:description\" content=\"Der Betreiber des Hotel im Lus in Schopfheim ist die HIL Business GmbH. Hohe-Flum-Str. 55, 79650 Schopfheim.\" \/>\n<meta property=\"og:url\" content=\"https:\/\/hotelimlus.de\/en\/impressum\/\" \/>\n<meta property=\"og:site_name\" content=\"Hotel im Lus\" \/>\n<meta property=\"article:modified_time\" content=\"2025-06-24T11:23:38+00:00\" \/>\n<meta name=\"twitter:card\" content=\"summary_large_image\" \/>\n<meta name=\"twitter:label1\" content=\"Est. reading time\" \/>\n\t<meta name=\"twitter:data1\" content=\"2 minutes\" \/>\n<script type=\"application\/ld+json\" class=\"yoast-schema-graph\">{\"@context\":\"https:\/\/schema.org\",\"@graph\":[{\"@type\":\"WebPage\",\"@id\":\"https:\/\/hotelimlus.de\/en\/impressum\/\",\"url\":\"https:\/\/hotelimlus.de\/en\/impressum\/\",\"name\":\"Impressum - Hotel im Lus\",\"isPartOf\":{\"@id\":\"https:\/\/hotelimlus.de\/#website\"},\"datePublished\":\"2022-03-23T10:19:10+00:00\",\"dateModified\":\"2025-06-24T11:23:38+00:00\",\"description\":\"Der Betreiber des Hotel im Lus in Schopfheim ist die HIL Business GmbH. Hohe-Flum-Str. 55, 79650 Schopfheim.\",\"breadcrumb\":{\"@id\":\"https:\/\/hotelimlus.de\/en\/impressum\/#breadcrumb\"},\"inLanguage\":\"en-US\",\"potentialAction\":[{\"@type\":\"ReadAction\",\"target\":[\"https:\/\/hotelimlus.de\/en\/impressum\/\"]}]},{\"@type\":\"BreadcrumbList\",\"@id\":\"https:\/\/hotelimlus.de\/en\/impressum\/#breadcrumb\",\"itemListElement\":[{\"@type\":\"ListItem\",\"position\":1,\"name\":\"Startseite\",\"item\":\"https:\/\/hotelimlus.de\/en\/\"},{\"@type\":\"ListItem\",\"position\":2,\"name\":\"Impressum\"}]},{\"@type\":\"WebSite\",\"@id\":\"https:\/\/hotelimlus.de\/#website\",\"url\":\"https:\/\/hotelimlus.de\/\",\"name\":\"Hotel im Lus\",\"description\":\"Das g\u00fcnstige Design Hotel in Schopfheim\",\"potentialAction\":[{\"@type\":\"SearchAction\",\"target\":{\"@type\":\"EntryPoint\",\"urlTemplate\":\"https:\/\/hotelimlus.de\/?s={search_term_string}\"},\"query-input\":{\"@type\":\"PropertyValueSpecification\",\"valueRequired\":true,\"valueName\":\"search_term_string\"}}],\"inLanguage\":\"en-US\"}]}<\/script>\n<!-- \/ Yoast SEO plugin. -->","yoast_head_json":{"title":"Impressum - Hotel im Lus","description":"Der Betreiber des Hotel im Lus in Schopfheim ist die HIL Business GmbH. Hohe-Flum-Str. 55, 79650 Schopfheim.","robots":{"index":"index","follow":"follow","max-snippet":"max-snippet:-1","max-image-preview":"max-image-preview:large","max-video-preview":"max-video-preview:-1"},"canonical":"https:\/\/hotelimlus.de\/en\/impressum\/","og_locale":"en_US","og_type":"article","og_title":"Impressum - Hotel im Lus","og_description":"Der Betreiber des Hotel im Lus in Schopfheim ist die HIL Business GmbH. Hohe-Flum-Str. 55, 79650 Schopfheim.","og_url":"https:\/\/hotelimlus.de\/en\/impressum\/","og_site_name":"Hotel im Lus","article_modified_time":"2025-06-24T11:23:38+00:00","twitter_card":"summary_large_image","twitter_misc":{"Est. reading time":"2 minutes"},"schema":{"@context":"https:\/\/schema.org","@graph":[{"@type":"WebPage","@id":"https:\/\/hotelimlus.de\/en\/impressum\/","url":"https:\/\/hotelimlus.de\/en\/impressum\/","name":"Impressum - Hotel im Lus","isPartOf":{"@id":"https:\/\/hotelimlus.de\/#website"},"datePublished":"2022-03-23T10:19:10+00:00","dateModified":"2025-06-24T11:23:38+00:00","description":"Der Betreiber des Hotel im Lus in Schopfheim ist die HIL Business GmbH. Hohe-Flum-Str. 55, 79650 Schopfheim.","breadcrumb":{"@id":"https:\/\/hotelimlus.de\/en\/impressum\/#breadcrumb"},"inLanguage":"en-US","potentialAction":[{"@type":"ReadAction","target":["https:\/\/hotelimlus.de\/en\/impressum\/"]}]},{"@type":"BreadcrumbList","@id":"https:\/\/hotelimlus.de\/en\/impressum\/#breadcrumb","itemListElement":[{"@type":"ListItem","position":1,"name":"Startseite","item":"https:\/\/hotelimlus.de\/en\/"},{"@type":"ListItem","position":2,"name":"Impressum"}]},{"@type":"WebSite","@id":"https:\/\/hotelimlus.de\/#website","url":"https:\/\/hotelimlus.de\/","name":"Hotel im Lus","description":"Das g\u00fcnstige Design Hotel in Schopfheim","potentialAction":[{"@type":"SearchAction","target":{"@type":"EntryPoint","urlTemplate":"https:\/\/hotelimlus.de\/?s={search_term_string}"},"query-input":{"@type":"PropertyValueSpecification","valueRequired":true,"valueName":"search_term_string"}}],"inLanguage":"en-US"}]}},"_links":{"self":[{"href":"https:\/\/hotelimlus.de\/en\/wp-json\/wp\/v2\/pages\/2626","targetHints":{"allow":["GET"]}}],"collection":[{"href":"https:\/\/hotelimlus.de\/en\/wp-json\/wp\/v2\/pages"}],"about":[{"href":"https:\/\/hotelimlus.de\/en\/wp-json\/wp\/v2\/types\/page"}],"author":[{"embeddable":true,"href":"https:\/\/hotelimlus.de\/en\/wp-json\/wp\/v2\/users\/1"}],"replies":[{"embeddable":true,"href":"https:\/\/hotelimlus.de\/en\/wp-json\/wp\/v2\/comments?post=2626"}],"version-history":[{"count":8,"href":"https:\/\/hotelimlus.de\/en\/wp-json\/wp\/v2\/pages\/2626\/revisions"}],"predecessor-version":[{"id":4205,"href":"https:\/\/hotelimlus.de\/en\/wp-json\/wp\/v2\/pages\/2626\/revisions\/4205"}],"wp:attachment":[{"href":"https:\/\/hotelimlus.de\/en\/wp-json\/wp\/v2\/media?parent=2626"}],"curies":[{"name":"wp","href":"https:\/\/api.w.org\/{rel}","templated":true}]}}