{"id":2625,"date":"2022-04-08T13:50:27","date_gmt":"2022-04-08T11:50:27","guid":{"rendered":"https:\/\/hotelimlus.de\/agb\/"},"modified":"2023-02-21T13:55:25","modified_gmt":"2023-02-21T12:55:25","slug":"agb","status":"publish","type":"page","link":"https:\/\/hotelimlus.de\/en\/agb\/","title":{"rendered":"AGB"},"content":{"rendered":"<div class=\"wpb-content-wrapper\"><p>[vc_row][vc_column][vc_column_text]<\/p>\n<h4>Allgemeine Gesch\u00e4ftsbedingungen (AGB)<\/h4>\n<div class=\"title-h5\">1. GELTUNGSBEREICH DER AGB<\/div>\n<p>1. Diese Gesch\u00e4ftsbedingungen gelten f\u00fcr Vertr\u00e4ge \u00fcber die mietweise \u00dcberlassung von Hotelzimmern zur Beherbergung und weiteren Leistungen des Hotel im Lus (Hotelaufnahmevertrag).<br \/>\n2. Die Unter- oder Weitervermietung der \u00fcberlassenen Zimmer sowie deren Nutzung zu anderen als Beherbergungszwecken bed\u00fcrfen der vorherigen Zustimmung des Hotels in Textform.<br \/>\n3. Allgemeine Gesch\u00e4ftsbedingungen des Kunden finden nur Anwendung, wenn dies vorher ausdr\u00fccklich in Textform vereinbart wurde.<\/p>\n<div class=\"title-h5\">2. VERTRAGSABSCHLUSS, -PARTNER, VERJ\u00c4HRUNG<\/div>\n<p>1. Dem Hotel steht es frei, die Zimmerbuchung in Textform zu best\u00e4tigen.<br \/>\n2. Vertragspartner sind das Hotel und der Kunde. Hat ein Dritter f\u00fcr den Kunden bestellt, haftet er dem Hotel gegen\u00fcber zusammen mit dem Kunden als Gesamtschuldner.<br \/>\n3. Alle Anspr\u00fcche gegen das Hotel verj\u00e4hren grunds\u00e4tzlich in einem Jahr ab dem gesetzlichen Verj\u00e4hrungsbeginn. Schadensersatzanspr\u00fcche verj\u00e4hren in f\u00fcnf Jahren. Die Verj\u00e4hrungsverk\u00fcrzungen gelten nicht bei Anspr\u00fcchen, die auf einer vors\u00e4tzlichen oder grob fahrl\u00e4ssigen Pflichtverletzung des Hotels beruhen.<\/p>\n<div class=\"title-h5\">3. LEISTUNGEN, PREISE, ZAHLUNG, AUFRECHNUNG<\/div>\n<p>1. Das Hotel ist verpflichtet, die vom Kunden gebuchten Zimmer bereitzuhalten und die vereinbarten Leistungen zu erbringen.<br \/>\n2. Der Kunde ist verpflichtet, die f\u00fcr die Zimmer\u00fcberlassung und die von ihm in Anspruch genommenen weiteren Leistungen zu geltenden Preise des Hotels zu zahlen. Dies gilt auch f\u00fcr vom Kunden veranlasste Leistungen und Auslagen des Hotels an Dritte. Die vereinbarten Preise schlie\u00dfen die jeweilige gesetzliche Umsatzsteuer ein.<br \/>\n3. Das Hotel kann seine Zustimmung zu einer vom Kunden gew\u00fcnschten nachtr\u00e4glichen Verringerung der Anzahl der gebuchten Zimmer, der Leistung des Hotels oder der Aufenthaltsdauer des Kunden davon abh\u00e4ngig machen, dass sich der Preis f\u00fcr die Zimmer und\/oder f\u00fcr die sonstigen Leistungen des Hotels erh\u00f6ht.<br \/>\n4. Rechnungen des Hotels sind sofort nach Zugang ohne Abzug zur Zahlung f\u00e4llig. Wurde Zahlung auf Rechnung vereinbart sind Rechnungen des Hotels sind innerhalb 10 Tagen ab Zusendung der Rechnung ohne Abzug zahlbar. Bei Zahlungsverzug ist das Hotel berechtigt ein Pauschalbetrag (S\u00e4umniszuschl\u00e4ge, Bearbeitungsgeb\u00fchr) i. H. v. 25,00 Euro zu erheben.<br \/>\n5. Das Hotel ist berechtigt, bei Vertragsschluss vom Kunden eine Vorauszahlung oder Sicherheitsleistung zu verlangen.<br \/>\n6. In begr\u00fcndeten F\u00e4llen, z.B. Zahlungsr\u00fcckstand des Kunden, ist das Hotel berechtigt, weitere Leistungen abzulehnen.<br \/>\n7. Der Kunde kann nur mit einer unstreitigen oder rechtskr\u00e4ftigen Forderung gegen\u00fcber einer Forderung des Hotels aufrechnen oder verrechnen.<\/p>\n<div class=\"title-h5\">4. R\u00dcCKTRITT DES KUNDEN (ABBESTELLUNG, STORNIERUNG und NICHTERSCHEINEN)<\/div>\n<p>1. Ein R\u00fccktritt des Kunden von dem mit dem Hotel geschlossenen Vertrag bedarf der Zustimmung des Hotels in Textform. Erfolgt diese nicht, so ist der vereinbarte Preis aus dem Vertrag auch dann zu zahlen, wenn der Kunde vertragliche Leistungen nicht in Anspruch nimmt.<br \/>\n2. Sofern zwischen dem Hotel und dem Kunden ein Termin zum kostenfreien R\u00fccktritt vom Vertrag in Textform vereinbart wurde, kann der Kunde bis dahin vom Vertrag zur\u00fccktreten, ohne Zahlungs- oder Schadensersatzanspr\u00fcche des Hotels auszul\u00f6sen. Das R\u00fccktrittsrecht des Kunden erlischt, wenn er nicht bis zum vereinbarten Termin sein Recht zum R\u00fccktritt gegen\u00fcber dem Hotel in Textform aus\u00fcbt.<br \/>\n3. Bei vom Kunden nicht in Anspruch genommenen Zimmern hat das Hotel die Einnahmen aus anderweitiger Vermietung dieser Zimmer anzurechnen. Werden die Zimmer nicht anderweitig vermietet, so kann das Hotel die vertraglich vereinbarte Verg\u00fctung zu 100% in Rechnung stellen.<br \/>\n4. Buchungen \u00fcber die Hotel-Webseite k\u00f6nnen bis 0:00 Uhr einen Tag vor Anreise ohne Angabe von Gr\u00fcnden <strong>kostenfrei<\/strong> storniert werden.\u00a0 Stornierungen m\u00fcssen dem Hotel schriftlich oder durch klicken des Stornierungslinks in der Best\u00e4tigungsnachricht mitgeteilt werden.<\/p>\n<div class=\"title-h5\">5. R\u00dcCKTRITT DES HOTELS<\/div>\n<p>1. Sofern in Textform vereinbart wurde, dass der Kunde innerhalb einer bestimmten Frist kostenfrei vom Vertrag zur\u00fccktreten kann, ist das Hotel ebenfalls in diesem Zeitraum seinerseits berechtigt, vom Vertrag zur\u00fcckzutreten (z.B. nichteinhalten vertraglich vereinbarter Vorauszahlung).<br \/>\n2.Wird eine gem\u00e4\u00df Ziffer 3.6 und\/oder Ziffer 3.7 vereinbarte oder verlangte Vorauszahlung oder Sicherheitsleistung auch nach Verstreichen einer vom Hotel gesetzten angemessenen Nachfrist nicht geleistet, so ist das Hotel ebenfalls zum R\u00fccktritt vom Vertrag berechtigt.<br \/>\n3. Ferner ist das Hotel berechtigt, aus sachlich gerechtfertigtem Grund vom Vertrag au\u00dferordentlich zur\u00fcckzutreten, insbesondere falls h\u00f6here Gewalt oder andere vom Hotel nicht zu vertretende Umst\u00e4nde die Erf\u00fcllung des Vertrages unm\u00f6glich machen<br \/>\n4. Bei berechtigtem R\u00fccktritt des Hotels entsteht kein Anspruch des Kunden auf Schadensersatz.<\/p>\n<div class=\"title-h5\">6. ZIMMERBEREITSTELLUNG, -\u00dcBERGABE UND -R\u00dcCKGABE<\/div>\n<p>1. Der Kunde erwirbt keinen Anspruch auf die Bereitstellung bestimmter Zimmer, soweit dieses nicht ausdr\u00fccklich in Textform vereinbart wurde.<br \/>\n2. Gebuchte Zimmer stehen dem Kunden ab 14:00 Uhr des vereinbarten Anreisetages zur Verf\u00fcgung. Der Kunde hat keinen Anspruch auf fr\u00fchere Bereitstellung.<br \/>\n3. Am vereinbarten Abreisetag sind die Zimmer dem Hotel sp\u00e4testens um 11:00 Uhr ger\u00e4umt zur Verf\u00fcgung zu stellen. Danach kann das Hotel aufgrund der versp\u00e4teten R\u00e4umung des Zimmers f\u00fcr dessen vertrags\u00fcberschreitende Nutzung bis 14:00 Uhr 50% des vollen Listenpreises in Rechnung stellen, danach 100%. Bei Hotelgesten, die einen \u201eLate Check-out\u201c gebucht haben, muss das Zimmer am Abreisetag erst sp\u00e4testens um 14 Uhr ger\u00e4umt und zur Verf\u00fcgung gestellt werden. Danach kann das Hotel aufgrund der versp\u00e4teten R\u00e4umung des Zimmers f\u00fcr dessen vertrags\u00fcberschreitende Nutzung bis 16:00 Uhr 50% des vollen Listenpreises in Rechnung stellen, danach 100%.<\/p>\n<div class=\"title-h5\">7. HAFTUNG DES HOTELS<\/div>\n<p>1. Das Hotel haftet f\u00fcr seine Verpflichtungen aus dem Vertrag. Anspr\u00fcche des Kunden auf Schadensersatz sind ausgeschlossen. Hiervon ausgenommen sind Sch\u00e4den aus der Verletzung des Lebens, des K\u00f6rpers oder der Gesundheit, wenn das Hotel die Pflichtverletzung zu vertreten hat, sonstige Sch\u00e4den, die auf einer vors\u00e4tzlichen oder grob fahrl\u00e4ssigen Pflichtverletzung des Hotels beruhen und Sch\u00e4den, die auf einer vors\u00e4tzlichen oder fahrl\u00e4ssigen Verletzung von vertragstypischen Pflichten des Hotels beruhen. Sollten St\u00f6rungen oder M\u00e4ngel an den Leistungen des Hotels auftreten, wird das Hotel bei Kenntnis oder auf unverz\u00fcgliche R\u00fcge des Kunden bem\u00fcht sein, f\u00fcr Abhilfe zu sorgen. Der Kunde ist verpflichtet, das ihm Zumutbare beizutragen, um die St\u00f6rung zu beheben und einen m\u00f6glichen Schaden gering zu halten.<br \/>\n2. F\u00fcr eingebrachte Sachen haftet das Hotel dem Kunden nach den gesetzlichen Bestimmungen. Das Hotel empfiehlt die Nutzung des Safes in den Zimmern f\u00fcr Wertgegenst\u00e4nde.<br \/>\n3. Bei Abhandenkommen oder Besch\u00e4digung auf dem Hotelgrundst\u00fcck abgestellter oder rangierter Kraftfahrzeuge, Anh\u00e4nger, Motorr\u00e4der oder Anh\u00e4nger und deren Inhalte haftet das Hotel nicht, au\u00dfer bei Vorsatz oder grober Fahrl\u00e4ssigkeit.<\/p>\n<div class=\"title-h5\">8. SCHLUSSBESTIMMUNGEN<\/div>\n<p>1. \u00c4nderungen und Erg\u00e4nzungen des Vertrages oder dieser Allgemeinen Gesch\u00e4ftsbedingungen sollen in Textform erfolgen. Einseitige \u00c4nderungen oder Erg\u00e4nzungen durch den Kunden sind unwirksam.<br \/>\n2. Erf\u00fcllungs- und Zahlungsort ist der Strandort des Hotel im Lus, Hohe-Flum-Str. 55, 79650 Schopfheim. Als Gerichtsstand gilt ausschlie\u00dflich Schopfheim.<br \/>\n3. Es gilt deutsches Recht. Die Anwendung des UN-Kaufrechts und des Kollisionsrechts oder \u00e4hnlichem ist ausgeschlossen.<br \/>\n4. Das Hotel nimmt nicht an Streitbeilegungsverfahren vor Verbraucherschlichtungsstellen teil.<br \/>\n5. Sollten einzelne Bestimmungen dieser Allgemeinen Gesch\u00e4ftsbedingungen unwirksam oder nichtig sein oder werden, so wird dadurch die Wirksamkeit der \u00fcbrigen Bestimmungen nicht ber\u00fchrt. Im \u00dcbrigen gelten die gesetzlichen Vorschriften.<\/p>\n<p>HIL \u2013 Hotel im Lus, Stand April 2022<\/p>\n<p>Informationen zum Datenschutz finden Sie <a href=\"https:\/\/hotelimlus.de\/en\/datenschutz\/\">hier.<\/a>[\/vc_column_text][\/vc_column][\/vc_row]<\/p>\n<\/div>","protected":false},"excerpt":{"rendered":"<p>[vc_row][vc_column][vc_column_text] Allgemeine Gesch\u00e4ftsbedingungen (AGB) 1. GELTUNGSBEREICH DER AGB 1. Diese Gesch\u00e4ftsbedingungen gelten f\u00fcr Vertr\u00e4ge \u00fcber die mietweise \u00dcberlassung von Hotelzimmern&#8230;<\/p>\n","protected":false},"author":1,"featured_media":0,"parent":0,"menu_order":0,"comment_status":"closed","ping_status":"closed","template":"","meta":{"footnotes":""},"class_list":["post-2625","page","type-page","status-publish"],"yoast_head":"<!-- This site is optimized with the Yoast SEO plugin v26.7 - https:\/\/yoast.com\/wordpress\/plugins\/seo\/ -->\n<title>Allgemeine Gesch\u00e4ftsbedingungen<\/title>\n<meta name=\"description\" content=\"Informieren Sie sich vor Ihrer Buchung \u00fcber die geltenden AGB sowie die Bedingungen zur Stornierung einer Buchung im HIL.\" \/>\n<meta name=\"robots\" content=\"index, follow, max-snippet:-1, max-image-preview:large, max-video-preview:-1\" \/>\n<link rel=\"canonical\" href=\"https:\/\/hotelimlus.de\/en\/agb\/\" \/>\n<meta property=\"og:locale\" content=\"en_US\" \/>\n<meta property=\"og:type\" content=\"article\" \/>\n<meta property=\"og:title\" content=\"Allgemeine Gesch\u00e4ftsbedingungen\" \/>\n<meta property=\"og:description\" content=\"Informieren Sie sich vor Ihrer Buchung \u00fcber die geltenden AGB sowie die Bedingungen zur Stornierung einer Buchung im HIL.\" \/>\n<meta property=\"og:url\" content=\"https:\/\/hotelimlus.de\/en\/agb\/\" \/>\n<meta property=\"og:site_name\" content=\"Hotel im Lus\" \/>\n<meta property=\"article:modified_time\" content=\"2023-02-21T12:55:25+00:00\" \/>\n<meta name=\"twitter:card\" content=\"summary_large_image\" \/>\n<meta name=\"twitter:label1\" content=\"Est. reading time\" \/>\n\t<meta name=\"twitter:data1\" content=\"7 minutes\" \/>\n<script type=\"application\/ld+json\" class=\"yoast-schema-graph\">{\"@context\":\"https:\/\/schema.org\",\"@graph\":[{\"@type\":\"WebPage\",\"@id\":\"https:\/\/hotelimlus.de\/en\/agb\/\",\"url\":\"https:\/\/hotelimlus.de\/en\/agb\/\",\"name\":\"Allgemeine Gesch\u00e4ftsbedingungen\",\"isPartOf\":{\"@id\":\"https:\/\/hotelimlus.de\/#website\"},\"datePublished\":\"2022-04-08T11:50:27+00:00\",\"dateModified\":\"2023-02-21T12:55:25+00:00\",\"description\":\"Informieren Sie sich vor Ihrer Buchung \u00fcber die geltenden AGB sowie die Bedingungen zur Stornierung einer Buchung im HIL.\",\"breadcrumb\":{\"@id\":\"https:\/\/hotelimlus.de\/en\/agb\/#breadcrumb\"},\"inLanguage\":\"en-US\",\"potentialAction\":[{\"@type\":\"ReadAction\",\"target\":[\"https:\/\/hotelimlus.de\/en\/agb\/\"]}]},{\"@type\":\"BreadcrumbList\",\"@id\":\"https:\/\/hotelimlus.de\/en\/agb\/#breadcrumb\",\"itemListElement\":[{\"@type\":\"ListItem\",\"position\":1,\"name\":\"Startseite\",\"item\":\"https:\/\/hotelimlus.de\/en\/\"},{\"@type\":\"ListItem\",\"position\":2,\"name\":\"AGB\"}]},{\"@type\":\"WebSite\",\"@id\":\"https:\/\/hotelimlus.de\/#website\",\"url\":\"https:\/\/hotelimlus.de\/\",\"name\":\"Hotel im Lus\",\"description\":\"Das g\u00fcnstige Design Hotel in Schopfheim\",\"potentialAction\":[{\"@type\":\"SearchAction\",\"target\":{\"@type\":\"EntryPoint\",\"urlTemplate\":\"https:\/\/hotelimlus.de\/?s={search_term_string}\"},\"query-input\":{\"@type\":\"PropertyValueSpecification\",\"valueRequired\":true,\"valueName\":\"search_term_string\"}}],\"inLanguage\":\"en-US\"}]}<\/script>\n<!-- \/ Yoast SEO plugin. -->","yoast_head_json":{"title":"Allgemeine Gesch\u00e4ftsbedingungen","description":"Informieren Sie sich vor Ihrer Buchung \u00fcber die geltenden AGB sowie die Bedingungen zur Stornierung einer Buchung im HIL.","robots":{"index":"index","follow":"follow","max-snippet":"max-snippet:-1","max-image-preview":"max-image-preview:large","max-video-preview":"max-video-preview:-1"},"canonical":"https:\/\/hotelimlus.de\/en\/agb\/","og_locale":"en_US","og_type":"article","og_title":"Allgemeine Gesch\u00e4ftsbedingungen","og_description":"Informieren Sie sich vor Ihrer Buchung \u00fcber die geltenden AGB sowie die Bedingungen zur Stornierung einer Buchung im HIL.","og_url":"https:\/\/hotelimlus.de\/en\/agb\/","og_site_name":"Hotel im Lus","article_modified_time":"2023-02-21T12:55:25+00:00","twitter_card":"summary_large_image","twitter_misc":{"Est. reading time":"7 minutes"},"schema":{"@context":"https:\/\/schema.org","@graph":[{"@type":"WebPage","@id":"https:\/\/hotelimlus.de\/en\/agb\/","url":"https:\/\/hotelimlus.de\/en\/agb\/","name":"Allgemeine Gesch\u00e4ftsbedingungen","isPartOf":{"@id":"https:\/\/hotelimlus.de\/#website"},"datePublished":"2022-04-08T11:50:27+00:00","dateModified":"2023-02-21T12:55:25+00:00","description":"Informieren Sie sich vor Ihrer Buchung \u00fcber die geltenden AGB sowie die Bedingungen zur Stornierung einer Buchung im HIL.","breadcrumb":{"@id":"https:\/\/hotelimlus.de\/en\/agb\/#breadcrumb"},"inLanguage":"en-US","potentialAction":[{"@type":"ReadAction","target":["https:\/\/hotelimlus.de\/en\/agb\/"]}]},{"@type":"BreadcrumbList","@id":"https:\/\/hotelimlus.de\/en\/agb\/#breadcrumb","itemListElement":[{"@type":"ListItem","position":1,"name":"Startseite","item":"https:\/\/hotelimlus.de\/en\/"},{"@type":"ListItem","position":2,"name":"AGB"}]},{"@type":"WebSite","@id":"https:\/\/hotelimlus.de\/#website","url":"https:\/\/hotelimlus.de\/","name":"Hotel im Lus","description":"Das g\u00fcnstige Design Hotel in Schopfheim","potentialAction":[{"@type":"SearchAction","target":{"@type":"EntryPoint","urlTemplate":"https:\/\/hotelimlus.de\/?s={search_term_string}"},"query-input":{"@type":"PropertyValueSpecification","valueRequired":true,"valueName":"search_term_string"}}],"inLanguage":"en-US"}]}},"_links":{"self":[{"href":"https:\/\/hotelimlus.de\/en\/wp-json\/wp\/v2\/pages\/2625","targetHints":{"allow":["GET"]}}],"collection":[{"href":"https:\/\/hotelimlus.de\/en\/wp-json\/wp\/v2\/pages"}],"about":[{"href":"https:\/\/hotelimlus.de\/en\/wp-json\/wp\/v2\/types\/page"}],"author":[{"embeddable":true,"href":"https:\/\/hotelimlus.de\/en\/wp-json\/wp\/v2\/users\/1"}],"replies":[{"embeddable":true,"href":"https:\/\/hotelimlus.de\/en\/wp-json\/wp\/v2\/comments?post=2625"}],"version-history":[{"count":8,"href":"https:\/\/hotelimlus.de\/en\/wp-json\/wp\/v2\/pages\/2625\/revisions"}],"predecessor-version":[{"id":3208,"href":"https:\/\/hotelimlus.de\/en\/wp-json\/wp\/v2\/pages\/2625\/revisions\/3208"}],"wp:attachment":[{"href":"https:\/\/hotelimlus.de\/en\/wp-json\/wp\/v2\/media?parent=2625"}],"curies":[{"name":"wp","href":"https:\/\/api.w.org\/{rel}","templated":true}]}}